{"id":1195,"date":"2022-02-01T11:09:44","date_gmt":"2022-02-01T11:09:44","guid":{"rendered":"https:\/\/garage.cl\/index.php\/about-us\/"},"modified":"2024-09-27T18:48:08","modified_gmt":"2024-09-27T18:48:08","slug":"about-us","status":"publish","type":"page","link":"https:\/\/garage.cl\/index.php\/about-us\/","title":{"rendered":"Sobre nosotros"},"content":{"rendered":"\n<div class=\"wp-block-uagb-container uagb-block-784efff7 alignfull uagb-is-root-container\"><div class=\"uagb-container-inner-blocks-wrap\">\n<div class=\"wp-block-uagb-advanced-heading uagb-block-d3c94836\"><h1 class=\"uagb-heading-text\">QUIENES SOMOS<\/h1><\/div>\n<\/div><\/div>\n\n\n\n<div class=\"wp-block-uagb-container uagb-block-33d33696 alignfull uagb-is-root-container\"><div class=\"uagb-container-inner-blocks-wrap\">\n<p><\/p>\n\n\n\n<div class=\"wp-block-uagb-advanced-heading uagb-block-fe845dd7\"><h2 class=\"uagb-heading-text\">NUESTRO PROCESO DE MANTENCION<\/h2><\/div>\n\n\n\n<div class=\"wp-block-uagb-container uagb-block-ed1cdc2c\">\n<div class=\"wp-block-uagb-info-box uagb-block-3a74d770 uagb-infobox__content-wrap  uagb-infobox-icon-above-title uagb-infobox-image-valign-top\"><div class=\"uagb-ifb-content\"><div class=\"uagb-ifb-title-wrap\"><span class=\"uagb-ifb-title-prefix\">01.<\/span><h5 class=\"uagb-ifb-title\">\u200bRecepci\u00f3n &amp; Revisi\u00f3n<\/h5><\/div><p class=\"uagb-ifb-desc\">Ingreso y revisi\u00f3n visual para saber qu\u00e9 tipo de servicio aplicar, si corresponde mantenci\u00f3n o solo cambio de alg\u00fan repuesto<\/p><\/div><\/div>\n\n\n\n<div class=\"wp-block-uagb-container uagb-block-5c5bc7ec\">\n<div class=\"wp-block-uagb-info-box uagb-block-f9b753df uagb-infobox__content-wrap  uagb-infobox-icon-above-title uagb-infobox-image-valign-top\"><div class=\"uagb-ifb-content\"><div class=\"uagb-ifb-title-wrap\"><span class=\"uagb-ifb-title-prefix\">02.<\/span><h5 class=\"uagb-ifb-title\">Aplicaci\u00f3n de Servicio<\/h5><\/div><p class=\"uagb-ifb-desc\">Ingreso a taller para el desarme y lavado profundo (segun corresponda), revision de componentes, cambio de ellos si aplica.<\/p><\/div><\/div>\n<\/div>\n\n\n\n<div class=\"wp-block-uagb-container uagb-block-e58beac1\">\n<div class=\"wp-block-uagb-info-box uagb-block-2cf289b8 uagb-infobox__content-wrap  uagb-infobox-icon-above-title uagb-infobox-image-valign-top\"><div class=\"uagb-ifb-content\"><div class=\"uagb-ifb-title-wrap\"><span class=\"uagb-ifb-title-prefix\">03.<\/span><h5 class=\"uagb-ifb-title\">Armado y Ajuste completo<\/h5><\/div><p class=\"uagb-ifb-desc\">Secado con aire, cambio de piolas y fundas limpieza y engrase mazas, motor, direcci\u00f3n, centrado ruedas b\u00e1sico (seg\u00fan corresponda).\u200b<\/p><\/div><\/div>\n<\/div>\n\n\n\n<div class=\"wp-block-uagb-container uagb-block-dc1413c9\">\n<div class=\"wp-block-uagb-info-box uagb-block-894069d3 uagb-infobox__content-wrap  uagb-infobox-icon-above-title uagb-infobox-image-valign-top\"><div class=\"uagb-ifb-content\"><div class=\"uagb-ifb-title-wrap\"><span class=\"uagb-ifb-title-prefix\">04.<\/span><h5 class=\"uagb-ifb-title\">Entrega <\/h5><\/div><p class=\"uagb-ifb-desc\">Ultima revisi\u00f3n de apriete de pernos y ajuste de cambios, detalles est\u00e9ticos, cheklist de accesorios (luces, candados, soportes) salida de taller.\u200b<\/p><\/div><\/div>\n<\/div>\n<\/div>\n<\/div><\/div>\n\n\n\n<div class=\"wp-block-uagb-container uagb-block-98f98b93 alignfull uagb-is-root-container\"><div class=\"uagb-container-inner-blocks-wrap\">\n<div class=\"wp-block-uagb-advanced-heading uagb-block-c4e404d6\"><h2 class=\"uagb-heading-text\">En Garage, estamos comprometidos con inspirar experiencias divertidas y crear una cultura en movimiento. Con varios a\u00f1os de experiencia en la industria del ciclismo, nos enorgullece ser un destino ciclista de confianza<\/h2><\/div>\n<\/div><\/div>\n\n\n\n<div class=\"wp-block-uagb-container uagb-block-0aabebf6 alignfull uagb-is-root-container\"><div class=\"uagb-container-inner-blocks-wrap\">\n<div class=\"wp-block-uagb-info-box uagb-block-0382de55 uagb-infobox__content-wrap  uagb-infobox-icon-above-title uagb-infobox-image-valign-top\"><div class=\"uagb-ifb-content\"><div class=\"uagb-ifb-title-wrap\"><h2 class=\"uagb-ifb-title\">EXPERIENCIA GARAGE<\/h2><\/div><p class=\"uagb-ifb-desc\"><strong>Como un orgulloso SERVICE CENTER, nuestro taller mec\u00e1nico se especializa en ofrecer servicios integrales de alta calidad. Desde mantenimientos preventivos hasta reparaciones avanzadas, nuestros t\u00e9cnicos certificados por Shimano utilizan tecnolog\u00eda de punta para asegurar que tu bicicleta rinda al m\u00e1ximo. Experimenta el est\u00e1ndar dorado en cuidado de bicicletas, respaldado por la excelencia.<\/strong><\/p><div class=\"uagb-ifb-button-wrapper wp-block-button\"><a href=\"#\" class=\"uagb-infobox-cta-link wp-block-button__link\" target=\"_self\" rel=\"noopener noreferrer\" onclick=\"return false;\" alt=\"\"><span class=\"uagb-inline-editing\"><\/span><\/a><\/div><\/div><\/div>\n<\/div><\/div>\n","protected":false},"excerpt":{"rendered":"<p>QUIENES SOMOS NUESTRO PROCESO DE MANTENCION En Garage, estamos comprometidos con inspirar experiencias divertidas y [&hellip;]<\/p>\n","protected":false},"author":1,"featured_media":0,"parent":0,"menu_order":0,"comment_status":"closed","ping_status":"closed","template":"","meta":{"_uag_custom_page_level_css":"","footnotes":""},"class_list":["post-1195","page","type-page","status-publish","hentry"],"uagb_featured_image_src":{"full":false,"thumbnail":false,"medium":false,"medium_large":false,"large":false,"1536x1536":false,"2048x2048":false,"woocommerce_thumbnail":false,"woocommerce_single":false,"woocommerce_gallery_thumbnail":false},"uagb_author_info":{"display_name":"admin","author_link":"https:\/\/garage.cl\/index.php\/author\/juan\/"},"uagb_comment_info":0,"uagb_excerpt":"QUIENES SOMOS NUESTRO PROCESO DE MANTENCION En Garage, estamos comprometidos con inspirar experiencias divertidas y [&hellip;]","_links":{"self":[{"href":"https:\/\/garage.cl\/index.php\/wp-json\/wp\/v2\/pages\/1195","targetHints":{"allow":["GET"]}}],"collection":[{"href":"https:\/\/garage.cl\/index.php\/wp-json\/wp\/v2\/pages"}],"about":[{"href":"https:\/\/garage.cl\/index.php\/wp-json\/wp\/v2\/types\/page"}],"author":[{"embeddable":true,"href":"https:\/\/garage.cl\/index.php\/wp-json\/wp\/v2\/users\/1"}],"replies":[{"embeddable":true,"href":"https:\/\/garage.cl\/index.php\/wp-json\/wp\/v2\/comments?post=1195"}],"version-history":[{"count":11,"href":"https:\/\/garage.cl\/index.php\/wp-json\/wp\/v2\/pages\/1195\/revisions"}],"predecessor-version":[{"id":1796,"href":"https:\/\/garage.cl\/index.php\/wp-json\/wp\/v2\/pages\/1195\/revisions\/1796"}],"wp:attachment":[{"href":"https:\/\/garage.cl\/index.php\/wp-json\/wp\/v2\/media?parent=1195"}],"curies":[{"name":"wp","href":"https:\/\/api.w.org\/{rel}","templated":true}]}}